{"id":7,"date":"2016-03-07T20:20:11","date_gmt":"2016-03-07T19:20:11","guid":{"rendered":"http:\/\/domainepartagegillesberlioz.fr\/?page_id=7"},"modified":"2022-12-20T11:58:08","modified_gmt":"2022-12-20T10:58:08","slug":"le-domaine-partage","status":"publish","type":"page","link":"https:\/\/domainepartagegillesberlioz.fr\/index.php\/le-domaine-partage\/","title":{"rendered":"Nos valeurs"},"content":{"rendered":"<p><em><strong>Le Domaine partag\u00e9 est fond\u00e9 sur les forces de l\u2019intention, la bio-dynamie et sur nos interactions avec les personnes qui nous accompagnent. Authenticit\u00e9, confiance, engagement, travail en conscience, rigueur sont nos valeurs.<\/strong><\/em><\/p>\n<p><em><strong>Pour une agriculture vivante, durable et solidaire<\/strong><\/em><\/p>\n<p>&nbsp;<\/p>\n<p><em><strong>Voici une liste de termes qui nous caract\u00e9risent le mieux \u2026<\/strong><\/em><\/p>\n<p><strong>Cr\u00e9ation<\/strong> du domaine&nbsp;: issu d\u2019un milieu modeste avec une \u00e9ducation de travail et de volont\u00e9.<\/p>\n<p><strong>Autodidacte<\/strong>&nbsp;: Toujours en \u00e9veil, dans la curiosit\u00e9 et l\u2019humilit\u00e9.<\/p>\n<p><strong>Travail en biodynamie<\/strong>&nbsp;: travail des sols pour qu\u2019ils aient un \u00e9quilibre de vie, traitement de la vigne avec des min\u00e9raux, algues, d\u00e9coctions de plantes, dynamisation de pr\u00e9parats, travail selon le cycle cosmique (lunaire)\u2026<\/p>\n<p><strong>Domaine<\/strong> \u00e0 <strong>taille humaine<\/strong>&nbsp;: travail dans le durable (2 salari\u00e9es \u00e0 l\u2019ann\u00e9e) utilisation d\u2019\u00e9nergie animale, utilisation \u00e0 minima d\u2019outils m\u00e9caniques (beaucoup d\u2019heure de piochage)<\/p>\n<p><strong>Authentique&nbsp;: <\/strong>\u00eatre <strong>en accord avec soi m\u00eame<\/strong>&nbsp;: le savoir, le savoir \u00eatre et le savoir faire.<\/p>\n<p><strong>Autonomie<\/strong>&nbsp;: Pas de concessions financi\u00e8res, refus des subventions pour une <strong>totale libert\u00e9<\/strong> de <strong>choix et de d\u00e9cisions<\/strong>.<\/p>\n<p><strong>Travail<\/strong> <strong>en conscience<\/strong>&nbsp;: remise en question permanente, adaptation perp\u00e9tuelle, participation \u00e0 diverses <strong>formations<\/strong>.<\/p>\n<p><strong>Respect<\/strong> de le <strong>plante<\/strong>&nbsp;: multiples <strong>t\u00e2ches minutieuses et bien intentionn\u00e9es<\/strong> pour que le fruit au d\u00e9part soit beau et bon. <strong>R\u00e9duction<\/strong> des <strong>volumes<\/strong> pour obtenir une meilleure concentration et un bon \u00e9quilibre entre le sucre et l\u2019acidit\u00e9 dans le raisin. <strong>Vendanges manuelles<\/strong> avec une <strong>\u00e9quipe<\/strong> <strong>\u00e9veill\u00e9e et rigoureuse<\/strong> au rythme de la maturit\u00e9 du raisin (triage sur pied, plusieurs passages si n\u00e9cessaire sur une m\u00eame parcelle).<\/p>\n<p><strong>Respect<\/strong> des <strong>jus<\/strong>&nbsp;: <strong>Press\u00e9es<\/strong> longues (3-4 heures) pour extraire un mo\u00fbt pur, cristallin, limpide et sans pompage (gravit\u00e9). <strong>Pas de chaptalisation<\/strong>, soufrage \u00e0 minima, levure indig\u00e8nes.<\/p>\n<p><strong>Respect<\/strong> du <strong>produit fini<\/strong>&nbsp;: mises en bouteille selon le <strong>calendrier lunaire<\/strong> et non selon les demandes commerciales, recherche de <strong>cr\u00e9ativit\u00e9<\/strong> dans l\u2019\u00e9tiquetage, utilisation de bouchons de tr\u00e8s bonne qualit\u00e9.<\/p>\n","protected":false},"excerpt":{"rendered":"<p>Le Domaine partag\u00e9 est fond\u00e9 sur les forces de l\u2019intention, la bio-dynamie et sur nos interactions avec les personnes qui nous accompagnent. Authenticit\u00e9, confiance, engagement, travail en conscience, rigueur sont nos valeurs. Pour une agriculture vivante, durable et solidaire &nbsp; Voici une liste de termes qui nous caract\u00e9risent le mieux \u2026 Cr\u00e9ation du domaine&nbsp;: issu &hellip; <\/p>\n<p class=\"link-more\"><a href=\"https:\/\/domainepartagegillesberlioz.fr\/index.php\/le-domaine-partage\/\" class=\"more-link\">Lire la suite de<span class=\"screen-reader-text\">\u00ab\u00a0Nos valeurs\u00a0\u00bb<\/span><\/a><\/p>\n","protected":false},"author":1,"featured_media":399,"parent":0,"menu_order":0,"comment_status":"closed","ping_status":"closed","template":"","meta":[],"featured_media_urls":{"thumbnail":["https:\/\/domainepartagegillesberlioz.fr\/wp-content\/uploads\/2017\/07\/G-Berlioz-le-rognage-ANIMATION-150x150.gif",150,150,true],"medium":["https:\/\/domainepartagegillesberlioz.fr\/wp-content\/uploads\/2017\/07\/G-Berlioz-le-rognage-ANIMATION-300x225.gif",300,225,true],"medium_large":["https:\/\/domainepartagegillesberlioz.fr\/wp-content\/uploads\/2017\/07\/G-Berlioz-le-rognage-ANIMATION-768x577.gif",768,577,true],"large":["https:\/\/domainepartagegillesberlioz.fr\/wp-content\/uploads\/2017\/07\/G-Berlioz-le-rognage-ANIMATION.gif",950,713,false],"1536x1536":["https:\/\/domainepartagegillesberlioz.fr\/wp-content\/uploads\/2017\/07\/G-Berlioz-le-rognage-ANIMATION.gif",972,730,false],"2048x2048":["https:\/\/domainepartagegillesberlioz.fr\/wp-content\/uploads\/2017\/07\/G-Berlioz-le-rognage-ANIMATION.gif",972,730,false],"inspiro-featured-image":["https:\/\/domainepartagegillesberlioz.fr\/wp-content\/uploads\/2017\/07\/G-Berlioz-le-rognage-ANIMATION.gif",972,730,false],"inspiro-loop":["https:\/\/domainepartagegillesberlioz.fr\/wp-content\/uploads\/2017\/07\/G-Berlioz-le-rognage-ANIMATION.gif",426,320,false],"inspiro-loop@2x":["https:\/\/domainepartagegillesberlioz.fr\/wp-content\/uploads\/2017\/07\/G-Berlioz-le-rognage-ANIMATION.gif",852,640,false],"portfolio_item-thumbnail":["https:\/\/domainepartagegillesberlioz.fr\/wp-content\/uploads\/2017\/07\/G-Berlioz-le-rognage-ANIMATION.gif",533,400,false],"portfolio_item-masonry":["https:\/\/domainepartagegillesberlioz.fr\/wp-content\/uploads\/2017\/07\/G-Berlioz-le-rognage-ANIMATION.gif",600,451,false],"portfolio_item-thumbnail_cinema":["https:\/\/domainepartagegillesberlioz.fr\/wp-content\/uploads\/2017\/07\/G-Berlioz-le-rognage-ANIMATION.gif",446,335,false],"portfolio_item-thumbnail_portrait":["https:\/\/domainepartagegillesberlioz.fr\/wp-content\/uploads\/2017\/07\/G-Berlioz-le-rognage-ANIMATION.gif",600,451,false],"portfolio_item-thumbnail_square":["https:\/\/domainepartagegillesberlioz.fr\/wp-content\/uploads\/2017\/07\/G-Berlioz-le-rognage-ANIMATION.gif",800,601,false]},"_links":{"self":[{"href":"https:\/\/domainepartagegillesberlioz.fr\/index.php\/wp-json\/wp\/v2\/pages\/7"}],"collection":[{"href":"https:\/\/domainepartagegillesberlioz.fr\/index.php\/wp-json\/wp\/v2\/pages"}],"about":[{"href":"https:\/\/domainepartagegillesberlioz.fr\/index.php\/wp-json\/wp\/v2\/types\/page"}],"author":[{"embeddable":true,"href":"https:\/\/domainepartagegillesberlioz.fr\/index.php\/wp-json\/wp\/v2\/users\/1"}],"replies":[{"embeddable":true,"href":"https:\/\/domainepartagegillesberlioz.fr\/index.php\/wp-json\/wp\/v2\/comments?post=7"}],"version-history":[{"count":4,"href":"https:\/\/domainepartagegillesberlioz.fr\/index.php\/wp-json\/wp\/v2\/pages\/7\/revisions"}],"predecessor-version":[{"id":3000,"href":"https:\/\/domainepartagegillesberlioz.fr\/index.php\/wp-json\/wp\/v2\/pages\/7\/revisions\/3000"}],"wp:featuredmedia":[{"embeddable":true,"href":"https:\/\/domainepartagegillesberlioz.fr\/index.php\/wp-json\/wp\/v2\/media\/399"}],"wp:attachment":[{"href":"https:\/\/domainepartagegillesberlioz.fr\/index.php\/wp-json\/wp\/v2\/media?parent=7"}],"curies":[{"name":"wp","href":"https:\/\/api.w.org\/{rel}","templated":true}]}}