{"id":1996,"date":"2021-04-09T09:56:14","date_gmt":"2021-04-09T07:56:14","guid":{"rendered":"http:\/\/domainepartagegillesberlioz.fr\/?page_id=1996"},"modified":"2022-12-20T11:58:16","modified_gmt":"2022-12-20T10:58:16","slug":"videos","status":"publish","type":"page","link":"https:\/\/domainepartagegillesberlioz.fr\/index.php\/videos\/","title":{"rendered":"Vid\u00e9os"},"content":{"rendered":"\n<p>Notre chemin de vignerons nous a permis de rencontrer de belles personnes qui ont partag\u00e9 notre passion.  Des <strong>amiti\u00e9s <\/strong>se sont nou\u00e9es, des <strong>vid\u00e9os <\/strong>ont \u00e9t\u00e9 r\u00e9alis\u00e9es :  <\/p>\n\n\n\n<p class=\"has-text-align-left\"><strong>&#8211; Gueleton &#8211; Bons vivants savoyards<\/strong><br>Fin mai 2021, nos amis de <a href=\"https:\/\/www.gueuleton.fr\/\">Gueleton <\/a>nous pr\u00e9pare un festin dans les vignes. Grande gastronomie, bonne humeur, et bons vins &#8230; un grand souvenir pour l&rsquo;\u00e9quipe du Domaine partag\u00e9 !<\/p>\n\n\n\n<figure class=\"wp-block-embed is-type-video is-provider-youtube wp-block-embed-youtube wp-embed-aspect-16-9 wp-has-aspect-ratio\"><div class=\"wp-block-embed__wrapper\">\n<iframe loading=\"lazy\" title=\"Bons Vivants Savoyards - Gueuleton\" width=\"950\" height=\"534\" src=\"https:\/\/www.youtube.com\/embed\/t_mjvc70aUU?feature=oembed\" frameborder=\"0\" allow=\"accelerometer; autoplay; clipboard-write; encrypted-media; gyroscope; picture-in-picture\" allowfullscreen><\/iframe>\n<\/div><\/figure>\n\n\n\n<p>&#8211;<strong> A Vous les C\u00e9pages<\/strong><br>D\u00e9cembre 2020, Juliette et Yoann, <a href=\"https:\/\/www.facebook.com\/DelamboraProd\/\">Delambora Production<\/a>, nous ont fait le plaisir de passer quelques jours avec nous pour leur s\u00e9rie <strong>A Vous les C\u00e9pages<\/strong>&#8230;<\/p>\n\n\n\n<figure class=\"wp-block-embed is-type-video is-provider-youtube wp-block-embed-youtube wp-embed-aspect-16-9 wp-has-aspect-ratio\"><div class=\"wp-block-embed__wrapper\">\n<iframe loading=\"lazy\" title=\"Domaine partag\u00e9 (Gilles Berlioz) - Episode 4 (A Vous Les C\u00e9pages)\" width=\"950\" height=\"534\" src=\"https:\/\/www.youtube.com\/embed\/j0eAHCHsW1Y?feature=oembed\" frameborder=\"0\" allow=\"accelerometer; autoplay; clipboard-write; encrypted-media; gyroscope; picture-in-picture\" allowfullscreen><\/iframe>\n<\/div><\/figure>\n\n\n\n<p><strong>&#8211;<a href=\"https:\/\/www.youtube.com\/channel\/UCuii5GTKF6qC99yC3astcWg\">Patrice Gamen<\/a><\/strong>, musicien amateur, bon vivant et v\u00e9ritable touche-\u00e0-tout, est un passionn\u00e9 de vid\u00e9os. Il nous a propos\u00e9 de tourner par drone deux films :<\/p>\n\n\n\n<p class=\"has-text-align-left\"><strong>      -Le Domaine partag\u00e9 Gilles Berlioz<\/strong><\/p>\n\n\n\n<figure class=\"wp-block-embed is-type-video is-provider-youtube wp-block-embed-youtube wp-embed-aspect-16-9 wp-has-aspect-ratio\"><div class=\"wp-block-embed__wrapper\">\n<iframe loading=\"lazy\" title=\"Domaine Partag\u00e9 - Gilles Berlioz\" width=\"950\" height=\"534\" src=\"https:\/\/www.youtube.com\/embed\/0VObW7ThHLc?feature=oembed\" frameborder=\"0\" allow=\"accelerometer; autoplay; clipboard-write; encrypted-media; gyroscope; picture-in-picture\" allowfullscreen><\/iframe>\n<\/div><\/figure>\n\n\n\n<p>     &#8211; <strong>L&rsquo;\u00e9nergie animale<\/strong><\/p>\n\n\n\n<figure class=\"wp-block-embed is-type-video is-provider-youtube wp-block-embed-youtube wp-embed-aspect-16-9 wp-has-aspect-ratio\"><div class=\"wp-block-embed__wrapper\">\n<iframe loading=\"lazy\" title=\"L&#039;energie animale\" width=\"950\" height=\"534\" src=\"https:\/\/www.youtube.com\/embed\/OaPptHMliCA?feature=oembed\" frameborder=\"0\" allow=\"accelerometer; autoplay; clipboard-write; encrypted-media; gyroscope; picture-in-picture\" allowfullscreen><\/iframe>\n<\/div><\/figure>\n\n\n\n<p>&#8211; Les <strong><a href=\"https:\/\/www.vinsduvernay.com\/\">Vins Duvernay<\/a><\/strong> (distributeur des vins du Domaine partag\u00e9 sur la Haute-Savoie), une <strong>famille <\/strong>de <strong>passionn\u00e9s de<\/strong> <strong>vins<\/strong>.<br>Les deux fr\u00e8res <strong>R\u00e9nald &amp; Rapha\u00ebl Duvernay <\/strong>ont r\u00e9alis\u00e9 deux films o\u00f9 nous participons :<\/p>\n\n\n\n<p>     &#8211; <strong>3MN Vin<\/strong> (interview de Gilles \u00e0 l&rsquo;occasion de leur 5\u00e8 Salon des vins en 2018<\/p>\n\n\n\n<figure class=\"wp-block-embed is-type-video is-provider-youtube wp-block-embed-youtube wp-embed-aspect-16-9 wp-has-aspect-ratio\"><div class=\"wp-block-embed__wrapper\">\n<iframe loading=\"lazy\" title=\"3 MINUTES VIN avec Gilles Berlioz | Domaine Partag\u00e9 | Savoie | DUVERNAY Prod &amp; BIPER&#039;AD\" width=\"950\" height=\"534\" src=\"https:\/\/www.youtube.com\/embed\/VM6kAeC8uCE?feature=oembed\" frameborder=\"0\" allow=\"accelerometer; autoplay; clipboard-write; encrypted-media; gyroscope; picture-in-picture\" allowfullscreen><\/iframe>\n<\/div><\/figure>\n\n\n\n<p>       &#8211; <strong>Infinite Bioty<\/strong> (tournage des vendanges dans le cadre d&rsquo;un projet documentaire autour de  la Biodynamie en Savoie &#8211;  Septembre 2019) <\/p>\n\n\n\n<figure class=\"wp-block-embed is-type-video is-provider-youtube wp-block-embed-youtube wp-embed-aspect-16-9 wp-has-aspect-ratio\"><div class=\"wp-block-embed__wrapper\">\n<iframe loading=\"lazy\" title=\"INFINITE BIOTY\" width=\"950\" height=\"534\" src=\"https:\/\/www.youtube.com\/embed\/Hi55MFtc6ik?feature=oembed\" frameborder=\"0\" allow=\"accelerometer; autoplay; clipboard-write; encrypted-media; gyroscope; picture-in-picture\" allowfullscreen><\/iframe>\n<\/div><\/figure>\n\n\n\n<p>et pour le plaisir des yeux, leur d\u00e9lire des voeux 2021,<strong> A l&rsquo;abordage !<\/strong><\/p>\n\n\n\n<figure class=\"wp-block-embed is-type-video is-provider-youtube wp-block-embed-youtube wp-embed-aspect-16-9 wp-has-aspect-ratio\"><div class=\"wp-block-embed__wrapper\">\n<iframe loading=\"lazy\" title=\"A l&#039;abordage de 2021 ! Meilleurs V\u0153ux !\" width=\"950\" height=\"534\" src=\"https:\/\/www.youtube.com\/embed\/RCJSPFw6vHg?feature=oembed\" frameborder=\"0\" allow=\"accelerometer; autoplay; clipboard-write; encrypted-media; gyroscope; picture-in-picture\" allowfullscreen><\/iframe>\n<\/div><\/figure>\n","protected":false},"excerpt":{"rendered":"<p>Notre chemin de vignerons nous a permis de rencontrer de belles personnes qui ont partag\u00e9 notre passion. Des amiti\u00e9s se sont nou\u00e9es, des vid\u00e9os ont \u00e9t\u00e9 r\u00e9alis\u00e9es : &#8211; Gueleton &#8211; Bons vivants savoyardsFin mai 2021, nos amis de Gueleton nous pr\u00e9pare un festin dans les vignes. Grande gastronomie, bonne humeur, et bons vins &#8230; &hellip; <\/p>\n<p class=\"link-more\"><a href=\"https:\/\/domainepartagegillesberlioz.fr\/index.php\/videos\/\" class=\"more-link\">Lire la suite de<span class=\"screen-reader-text\">\u00ab\u00a0Vid\u00e9os\u00a0\u00bb<\/span><\/a><\/p>\n","protected":false},"author":1,"featured_media":0,"parent":0,"menu_order":0,"comment_status":"closed","ping_status":"closed","template":"","meta":[],"featured_media_urls":[],"_links":{"self":[{"href":"https:\/\/domainepartagegillesberlioz.fr\/index.php\/wp-json\/wp\/v2\/pages\/1996"}],"collection":[{"href":"https:\/\/domainepartagegillesberlioz.fr\/index.php\/wp-json\/wp\/v2\/pages"}],"about":[{"href":"https:\/\/domainepartagegillesberlioz.fr\/index.php\/wp-json\/wp\/v2\/types\/page"}],"author":[{"embeddable":true,"href":"https:\/\/domainepartagegillesberlioz.fr\/index.php\/wp-json\/wp\/v2\/users\/1"}],"replies":[{"embeddable":true,"href":"https:\/\/domainepartagegillesberlioz.fr\/index.php\/wp-json\/wp\/v2\/comments?post=1996"}],"version-history":[{"count":17,"href":"https:\/\/domainepartagegillesberlioz.fr\/index.php\/wp-json\/wp\/v2\/pages\/1996\/revisions"}],"predecessor-version":[{"id":3001,"href":"https:\/\/domainepartagegillesberlioz.fr\/index.php\/wp-json\/wp\/v2\/pages\/1996\/revisions\/3001"}],"wp:attachment":[{"href":"https:\/\/domainepartagegillesberlioz.fr\/index.php\/wp-json\/wp\/v2\/media?parent=1996"}],"curies":[{"name":"wp","href":"https:\/\/api.w.org\/{rel}","templated":true}]}}